{"id":167,"date":"2017-11-24T17:50:56","date_gmt":"2017-11-24T17:50:56","guid":{"rendered":"http:\/\/www.ktub.de\/?page_id=167"},"modified":"2024-09-09T17:55:50","modified_gmt":"2024-09-09T17:55:50","slug":"referenzen","status":"publish","type":"page","link":"http:\/\/www.ktub.de\/?page_id=167","title":{"rendered":"Referenzen"},"content":{"rendered":"<h4>Das Kompetenzteam Umweltbildung arbeitet seit \u00fcber 15 Jahren mit verschiedenen Organisationen und Bildungstr\u00e4gern zusammen:<\/h4>\n<ul>\n<li><a href=\"http:\/\/umdenken.de\">Landeszentrale f\u00fcr Umweltaufkl\u00e4rung (LZU)<\/a>, Mainz<\/li>\n<li><a href=\"http:\/\/www.geopark-vulkaneifel.de\/\">UNSECO Natur- und Geopark Vulkaneifel<\/a>, Daun<\/li>\n<li><a href=\"http:\/\/www.naturpark-eifel.de\/\">Naturpark Norde<\/a><a href=\"http:\/\/www.naturpark-eifel.de\/\">ifel<\/a>, Pr\u00fcm<\/li>\n<li><a href=\"https:\/\/www.naturpark-suedeifel.de\/\">Naturpark S\u00fcdeifel<\/a>, Irrel<\/li>\n<li><a href=\"https:\/\/www.naturpark.org\/\">Naturpark Saar-Hunsr\u00fcck<\/a>, Hermeskeil<\/li>\n<li><a href=\"https:\/\/www.soonwald-nahe.de\/\">Naturpark Soonwald-Nahe<\/a>, Simmern<\/li>\n<li><a href=\"http:\/\/www.bildungswerk.drk.de\">DRK Bildungswerk<\/a>, Bitburg<\/li>\n<li>VHS <a href=\"http:\/\/www.vhs.pruem.de\/\">Pr\u00fcm<\/a>, <a href=\"https:\/\/vhs-gerolstein.de\/\">Gerolstein<\/a>, <a href=\"http:\/\/www.vhs-daun.de\/\">Daun<\/a> und <a href=\"https:\/\/vhs-wittlich.de\/\">Wittlich<\/a><\/li>\n<\/ul>\n<h4>Hier eine kleine Auswahl der durchgef\u00fchrten Projekte und Auftr\u00e4ge:<\/h4>\n<ul>\n<li><strong>Fachliche Begleitung<\/strong> beim Aufbau von 23 <strong>Naturparkschulen und -Kitas<\/strong> nach den Richtlinien des Verbandes Deutscher Naturparke (VDN) f\u00fcr den UNESCO Natur- und Geopark Vulkaneifel, f\u00fcr den Naturparks S\u00fcdeifel und den Naturpark Nordeifel, 2014 &#8211; heute<\/li>\n<li><strong>Planung und Durchf\u00fchrung von Seminaren zum Thema BNE<\/strong>, zum Beispiel f\u00fcr die Landeszentrale f\u00fcr Umweltaufkl\u00e4rung (LZU), 2023<\/li>\n<li><strong>Umweltbildungskonzept<\/strong> des UNESCO Global Geoparks Vulkaneifel: \u201eUmweltbildung von Anfang an: Entwicklung von nachhaltiger Geo- und Naturkompetenz in der Vulkaneifel\u201c, Herf\/F\u00fchr: 2014<\/li>\n<li>Subkonzept <strong>\u201eNaturparkKiTa\u201c<\/strong>, 2015<\/li>\n<li><strong>Umweltbildungskonzept<\/strong> des Naturparks Nordeifel: \u201eRahmenkonzept zur Weiterentwicklung der Umweltbildungsarbeit im Naturpark Nordeifel \u2013 Teilgebiet Rheinland-Pfalz\u201c, Herf: 2016<\/li>\n<li>Subkonzept <strong>\u201eNaturparkschule\u201c<\/strong>, 2017<\/li>\n<li>Ausbildung und Betreuung von <strong>40 Junior-Rangern Vulkaneifel<\/strong> f\u00fcr den UNESCO Global Geopark 2016 und 2018 sowie 30 Kids seit November 2023<\/li>\n<li>Organisation des <strong>Umweltbildungsparcours<\/strong> des UNESCO Global Geoparks Vulkaneifel 2015, 2017, 2019 und 2023 rund um das Totenmaar mit bis zu 850 Kindern und Jugendlichen<\/li>\n<li>Ausbildung der <strong>Natur- und Geoparkf\u00fchrer Vulkaneifel<\/strong> f\u00fcr den UNESCO Global Geopark Vulkaneifel, 2013 und 2022<\/li>\n<li>Ausbildung der <strong>Naturpark-Ranger S\u00fcdeifel<\/strong>, 2014<\/li>\n<li>Konzeption und Durchf\u00fchrung von bisher 8 Ausbildungen zum <strong>&#8222;Zertifizierten Natur- und Landschaftsf\u00fchrer (BANU)&#8220;<\/strong> f\u00fcr die Landeszentrale f\u00fcr Umweltaufkl\u00e4rung, Mainz<\/li>\n<li>organisation regelm\u00e4\u00dfiger <strong>Eins\u00e4tze in Schulen und Kitas<\/strong> in RLP, Entwicklung und Durchf\u00fchrung von Unterrichtsmodulen, Lehrer- und Erzieherinnenfortbildungen und Studientagen<\/li>\n<li>Durchf\u00fchrung von <strong>Forschertagen f\u00fcr Grundschulen und Kitas<\/strong><\/li>\n<li>Planung und Durchf\u00fchrung von <strong>Familientagen f\u00fcr Kitas<\/strong> in Zusammenarbeit mit dem Bildungswerk des DRK Bitburg<\/li>\n<li>Verschiedene <strong>Fachvortr\u00e4ge<\/strong> zum Thema Umweltbildung und BNE, z.B. f\u00fcr die Deutsche Vulkanologische Gesellschaft, 2018 und den Geopark Grenzwelten 2019<\/li>\n<\/ul>\n<p>Wenn Sie mehr \u00fcber unsere Zusammenarbeiten erfahren m\u00f6chten, nehmen Sie bitte <a href=\"http:\/\/www.ktub.de\/?page_id=116\">Kontakt<\/a> zu uns auf.<\/p>\n","protected":false},"excerpt":{"rendered":"<p>Das Kompetenzteam Umweltbildung arbeitet seit \u00fcber 15 Jahren mit verschiedenen Organisationen und Bildungstr\u00e4gern zusammen: Landeszentrale f\u00fcr Umweltaufkl\u00e4rung (LZU), Mainz UNSECO Natur- und Geopark Vulkaneifel, Daun Naturpark Nordeifel, Pr\u00fcm Naturpark S\u00fcdeifel, Irrel Naturpark Saar-Hunsr\u00fcck, Hermeskeil Naturpark Soonwald-Nahe, Simmern DRK Bildungswerk, Bitburg VHS Pr\u00fcm, Gerolstein, Daun und Wittlich Hier eine kleine Auswahl der durchgef\u00fchrten Projekte und Auftr\u00e4ge: &hellip; <a href=\"http:\/\/www.ktub.de\/?page_id=167\" class=\"more-link\"><span class=\"screen-reader-text\">Referenzen<\/span> weiterlesen <span class=\"meta-nav\">&rarr;<\/span><\/a><\/p>\n","protected":false},"author":1,"featured_media":0,"parent":0,"menu_order":0,"comment_status":"closed","ping_status":"closed","template":"","meta":[],"_links":{"self":[{"href":"http:\/\/www.ktub.de\/index.php?rest_route=\/wp\/v2\/pages\/167"}],"collection":[{"href":"http:\/\/www.ktub.de\/index.php?rest_route=\/wp\/v2\/pages"}],"about":[{"href":"http:\/\/www.ktub.de\/index.php?rest_route=\/wp\/v2\/types\/page"}],"author":[{"embeddable":true,"href":"http:\/\/www.ktub.de\/index.php?rest_route=\/wp\/v2\/users\/1"}],"replies":[{"embeddable":true,"href":"http:\/\/www.ktub.de\/index.php?rest_route=%2Fwp%2Fv2%2Fcomments&post=167"}],"version-history":[{"count":14,"href":"http:\/\/www.ktub.de\/index.php?rest_route=\/wp\/v2\/pages\/167\/revisions"}],"predecessor-version":[{"id":302,"href":"http:\/\/www.ktub.de\/index.php?rest_route=\/wp\/v2\/pages\/167\/revisions\/302"}],"wp:attachment":[{"href":"http:\/\/www.ktub.de\/index.php?rest_route=%2Fwp%2Fv2%2Fmedia&parent=167"}],"curies":[{"name":"wp","href":"https:\/\/api.w.org\/{rel}","templated":true}]}}