{"id":176,"date":"2017-11-30T09:28:49","date_gmt":"2017-11-30T09:28:49","guid":{"rendered":"http:\/\/www.ktub.de\/?page_id=176"},"modified":"2019-10-30T18:38:57","modified_gmt":"2019-10-30T18:38:57","slug":"angebote-und-themen","status":"publish","type":"page","link":"http:\/\/www.ktub.de\/?page_id=176","title":{"rendered":"Angebote"},"content":{"rendered":"<h4>Das Kompetenzteam Umweltbildung bietet Bildungseinrichtungen f\u00fcr alle Altersstufen folgende Angebote an:<\/h4>\n<ul>\n<li>Fachliche Begleitung auf dem Weg zur Naturparkschule (VDN) oder Naturpark-Kita (VDN)<\/li>\n<li>Experteneins\u00e4tze im Regelunterricht und bei AGs<\/li>\n<li>Fachliche Begleitung auf Exkursionen und Wandertagen<\/li>\n<li>Projektwochen und Projekttage<\/li>\n<li>praktische Eins\u00e4tze wie Nisthilfen- und Insektenhotelbau<\/li>\n<li>Eins\u00e4tze in der Nachmittagsbetreuung<\/li>\n<li>Fortbildungen f\u00fcr LehrerInnen und ErzieherInnen<\/li>\n<li>Regionalisierte Unterrichtsmaterialien<\/li>\n<\/ul>\n<h4>Wir bedienen s\u00e4mtliche Themen aus dem Bereichen Natur, Umwelt und \u00d6kologie an, z.B.:<\/h4>\n<ul>\n<li>Flora und Fauna der Region<\/li>\n<li>Naturr\u00e4ume Wald, Wiese, Hecke etc.<\/li>\n<li>Wasser und Gew\u00e4sser<\/li>\n<li>\u00d6kologische Kreisl\u00e4ufe<\/li>\n<li>Geologie und Erdgeschichte<\/li>\n<li>Vulkanismus und Fossilien<\/li>\n<li>Regionale Geschichte und Kultur<\/li>\n<li>uvm.<\/li>\n<\/ul>\n<h4><a href=\"http:\/\/www.ktub.de\/?page_id=116\">Teilen Sie uns Ihr Wunschthema mit<\/a>, wir erarbeiten ein Konzept f\u00fcr Ihre Einrichtung.<\/h4>\n<p>&nbsp;<\/p>\n","protected":false},"excerpt":{"rendered":"<p>Das Kompetenzteam Umweltbildung bietet Bildungseinrichtungen f\u00fcr alle Altersstufen folgende Angebote an: Fachliche Begleitung auf dem Weg zur Naturparkschule (VDN) oder Naturpark-Kita (VDN) Experteneins\u00e4tze im Regelunterricht und bei AGs Fachliche Begleitung auf Exkursionen und Wandertagen Projektwochen und Projekttage praktische Eins\u00e4tze wie Nisthilfen- und Insektenhotelbau Eins\u00e4tze in der Nachmittagsbetreuung Fortbildungen f\u00fcr LehrerInnen und ErzieherInnen Regionalisierte Unterrichtsmaterialien Wir &hellip; <a href=\"http:\/\/www.ktub.de\/?page_id=176\" class=\"more-link\"><span class=\"screen-reader-text\">Angebote<\/span> weiterlesen <span class=\"meta-nav\">&rarr;<\/span><\/a><\/p>\n","protected":false},"author":1,"featured_media":207,"parent":0,"menu_order":0,"comment_status":"closed","ping_status":"closed","template":"","meta":[],"_links":{"self":[{"href":"http:\/\/www.ktub.de\/index.php?rest_route=\/wp\/v2\/pages\/176"}],"collection":[{"href":"http:\/\/www.ktub.de\/index.php?rest_route=\/wp\/v2\/pages"}],"about":[{"href":"http:\/\/www.ktub.de\/index.php?rest_route=\/wp\/v2\/types\/page"}],"author":[{"embeddable":true,"href":"http:\/\/www.ktub.de\/index.php?rest_route=\/wp\/v2\/users\/1"}],"replies":[{"embeddable":true,"href":"http:\/\/www.ktub.de\/index.php?rest_route=%2Fwp%2Fv2%2Fcomments&post=176"}],"version-history":[{"count":6,"href":"http:\/\/www.ktub.de\/index.php?rest_route=\/wp\/v2\/pages\/176\/revisions"}],"predecessor-version":[{"id":288,"href":"http:\/\/www.ktub.de\/index.php?rest_route=\/wp\/v2\/pages\/176\/revisions\/288"}],"wp:featuredmedia":[{"embeddable":true,"href":"http:\/\/www.ktub.de\/index.php?rest_route=\/wp\/v2\/media\/207"}],"wp:attachment":[{"href":"http:\/\/www.ktub.de\/index.php?rest_route=%2Fwp%2Fv2%2Fmedia&parent=176"}],"curies":[{"name":"wp","href":"https:\/\/api.w.org\/{rel}","templated":true}]}}