{"id":134,"date":"2017-11-22T17:05:07","date_gmt":"2017-11-22T17:05:07","guid":{"rendered":"http:\/\/www.ktub.de\/?page_id=134"},"modified":"2024-09-09T18:02:06","modified_gmt":"2024-09-09T18:02:06","slug":"junior-ranger-vulkaneifel","status":"publish","type":"page","link":"https:\/\/www.ktub.de\/?page_id=134","title":{"rendered":"Junior-Ranger"},"content":{"rendered":"<h2><span style=\"color: #ff0000;\">Neuer Junior-Ranger-Kursus startet im Herbst 2023! <\/span><\/h2>\n<h4>Immer nur chillen reicht uns nicht!<img decoding=\"async\" loading=\"lazy\" class=\"wp-image-144 alignright\" src=\"http:\/\/www.ktub.de\/wp-content\/uploads\/2017\/11\/uggp_vulkaneifel_rgb-300x196.png\" alt=\"\" width=\"134\" height=\"87\" srcset=\"https:\/\/www.ktub.de\/wp-content\/uploads\/2017\/11\/uggp_vulkaneifel_rgb-300x196.png 300w, https:\/\/www.ktub.de\/wp-content\/uploads\/2017\/11\/uggp_vulkaneifel_rgb-768x502.png 768w, https:\/\/www.ktub.de\/wp-content\/uploads\/2017\/11\/uggp_vulkaneifel_rgb-1024x670.png 1024w, https:\/\/www.ktub.de\/wp-content\/uploads\/2017\/11\/uggp_vulkaneifel_rgb.png 1560w\" sizes=\"(max-width: 134px) 100vw, 134px\" \/><\/h4>\n<p>Die Junior-Ranger Vulkaneifel sind ein Team von naturaffinen Kids im Alter von 9 bis 15 Jahren, die es sich zur Aufgabe gemacht haben ihre Heimat zu sch\u00fctzen und sich in ihrer Freizeit mit den Lebensr\u00e4umen, den Tieren und Pflanzen unserer Region besch\u00e4ftigen.<\/p>\n<p>Die ersten 15 Jugendlichen im Alter von 9 bis 15 Jahren wurden 2014 von uns im Auftrag des Natur- und Geoparks Vulkaneifel \u00fcber einen Zeitraum von 8 Monaten ausgebildet. Seitdem trifft sich das Team zwei bis dreimal im Jahr zu gemeinsamen Aktionen und zum sommerlichen Camp. Der gro\u00dfe Erfolg hat dazu gef\u00fchrt, dass im Dezember 2017 die n\u00e4chste Truppe &#8211; diesmal mit 32 Kindern &#8211; mit der Ausbildung begonnen und im Sommer 2018 abgeschlossen hat.<\/p>\n<p>Der dritte Kurs ist im November 2023 mit 30 Kids gestartet.<\/p>\n<p>Interessiert? Nehmen Sie <a href=\"http:\/\/www.ktub.de\/?page_id=116\">Kontakt<\/a> zu uns oder zum <a href=\"http:\/\/www.geopark-vulkaneifel.de\" target=\"_blank\" rel=\"noopener\">Natur- und Geopark Vulkaneifel<\/a> auf!<\/p>\n","protected":false},"excerpt":{"rendered":"<p>Neuer Junior-Ranger-Kursus startet im Herbst 2023! Immer nur chillen reicht uns nicht! Die Junior-Ranger Vulkaneifel sind ein Team von naturaffinen Kids im Alter von 9 bis 15 Jahren, die es sich zur Aufgabe gemacht haben ihre Heimat zu sch\u00fctzen und sich in ihrer Freizeit mit den Lebensr\u00e4umen, den Tieren und Pflanzen unserer Region besch\u00e4ftigen. Die &hellip; <a href=\"https:\/\/www.ktub.de\/?page_id=134\" class=\"more-link\"><span class=\"screen-reader-text\">Junior-Ranger<\/span> weiterlesen <span class=\"meta-nav\">&rarr;<\/span><\/a><\/p>\n","protected":false},"author":1,"featured_media":0,"parent":0,"menu_order":0,"comment_status":"closed","ping_status":"closed","template":"","meta":[],"_links":{"self":[{"href":"https:\/\/www.ktub.de\/index.php?rest_route=\/wp\/v2\/pages\/134"}],"collection":[{"href":"https:\/\/www.ktub.de\/index.php?rest_route=\/wp\/v2\/pages"}],"about":[{"href":"https:\/\/www.ktub.de\/index.php?rest_route=\/wp\/v2\/types\/page"}],"author":[{"embeddable":true,"href":"https:\/\/www.ktub.de\/index.php?rest_route=\/wp\/v2\/users\/1"}],"replies":[{"embeddable":true,"href":"https:\/\/www.ktub.de\/index.php?rest_route=%2Fwp%2Fv2%2Fcomments&post=134"}],"version-history":[{"count":16,"href":"https:\/\/www.ktub.de\/index.php?rest_route=\/wp\/v2\/pages\/134\/revisions"}],"predecessor-version":[{"id":311,"href":"https:\/\/www.ktub.de\/index.php?rest_route=\/wp\/v2\/pages\/134\/revisions\/311"}],"wp:attachment":[{"href":"https:\/\/www.ktub.de\/index.php?rest_route=%2Fwp%2Fv2%2Fmedia&parent=134"}],"curies":[{"name":"wp","href":"https:\/\/api.w.org\/{rel}","templated":true}]}}