{"id":148,"date":"2017-11-23T16:36:50","date_gmt":"2017-11-23T16:36:50","guid":{"rendered":"http:\/\/www.ktub.de\/?page_id=148"},"modified":"2024-09-09T17:54:22","modified_gmt":"2024-09-09T17:54:22","slug":"znl-eifel","status":"publish","type":"page","link":"https:\/\/www.ktub.de\/?page_id=148","title":{"rendered":"ZNL"},"content":{"rendered":"<p>In Zusammenarbeit mit der Landeszentrale f\u00fcr Umweltaufkl\u00e4rung (LZU) in Mainz und der BANU bilden wir f\u00fcr die Regionen Eifel, Mosel, Hunsr\u00fcck, Saar zum <strong>Zertifizierten Natur- und Landschaftsf\u00fchrer<\/strong> (ZNL Eifel) aus.<\/p>\n<p><span style=\"color: #ff0000;\">Der n\u00e4chste ZNL-Kurs in der Eifel ist f\u00fcr Fr\u00fchjahr 2025 geplant.<\/span><\/p>\n<figure id=\"attachment_75\" aria-describedby=\"caption-attachment-75\" style=\"width: 576px\" class=\"wp-caption alignnone\"><img decoding=\"async\" loading=\"lazy\" class=\"wp-image-75\" src=\"http:\/\/www.ktub.de\/wp-content\/uploads\/2017\/11\/Meerfeld01-300x200.jpg\" alt=\"\" width=\"576\" height=\"384\" srcset=\"https:\/\/www.ktub.de\/wp-content\/uploads\/2017\/11\/Meerfeld01-300x200.jpg 300w, https:\/\/www.ktub.de\/wp-content\/uploads\/2017\/11\/Meerfeld01-768x511.jpg 768w, https:\/\/www.ktub.de\/wp-content\/uploads\/2017\/11\/Meerfeld01.jpg 810w\" sizes=\"(max-width: 576px) 100vw, 576px\" \/><figcaption id=\"caption-attachment-75\" class=\"wp-caption-text\">Maar und Schlackenkegel: Blick auf das Meerfelder Maar und den Mosenberg Reihenvulkan<\/figcaption><\/figure>\n<p>Au\u00dferdem integrieren wir den ZNL-Lehrplan auch in unsere &#8222;gro\u00dfen Kurse&#8220;, wie den Natur- und Geoparkf\u00fchrer Vulkaneifel und den Naturparkf\u00fchrer S\u00fcdeifel. Der Natur- und Geoparkf\u00fchrer 2.0 f\u00fcr den UNESCO Global Geopark Vulkaneifel wurde im Fr\u00fchjahr 2022 erfolgreich beendet, der erste ZNL-Kurs f\u00fcr die Naturparke Saar-Hunsr\u00fcck und Soonwald-Nahe im Herbst 2023.<\/p>\n<p>Wenn Sie sich f\u00fcr die Ausbildung zum ZNL interessieren, nehmen Sie bitte <a href=\"http:\/\/www.ktub.de\/?page_id=116\">Kontakt<\/a> zu uns auf. Gerne informieren wir Sie \u00fcber die Kurse und teilen Ihnen mit, wann der n\u00e4chste Kurs in der Eifel, im Hunsr\u00fcck oder an der Mosel startet.<\/p>\n","protected":false},"excerpt":{"rendered":"<p>In Zusammenarbeit mit der Landeszentrale f\u00fcr Umweltaufkl\u00e4rung (LZU) in Mainz und der BANU bilden wir f\u00fcr die Regionen Eifel, Mosel, Hunsr\u00fcck, Saar zum Zertifizierten Natur- und Landschaftsf\u00fchrer (ZNL Eifel) aus. Der n\u00e4chste ZNL-Kurs in der Eifel ist f\u00fcr Fr\u00fchjahr 2025 geplant. Au\u00dferdem integrieren wir den ZNL-Lehrplan auch in unsere &#8222;gro\u00dfen Kurse&#8220;, wie den Natur- und &hellip; <a href=\"https:\/\/www.ktub.de\/?page_id=148\" class=\"more-link\"><span class=\"screen-reader-text\">ZNL<\/span> weiterlesen <span class=\"meta-nav\">&rarr;<\/span><\/a><\/p>\n","protected":false},"author":1,"featured_media":0,"parent":0,"menu_order":0,"comment_status":"closed","ping_status":"closed","template":"","meta":[],"_links":{"self":[{"href":"https:\/\/www.ktub.de\/index.php?rest_route=\/wp\/v2\/pages\/148"}],"collection":[{"href":"https:\/\/www.ktub.de\/index.php?rest_route=\/wp\/v2\/pages"}],"about":[{"href":"https:\/\/www.ktub.de\/index.php?rest_route=\/wp\/v2\/types\/page"}],"author":[{"embeddable":true,"href":"https:\/\/www.ktub.de\/index.php?rest_route=\/wp\/v2\/users\/1"}],"replies":[{"embeddable":true,"href":"https:\/\/www.ktub.de\/index.php?rest_route=%2Fwp%2Fv2%2Fcomments&post=148"}],"version-history":[{"count":13,"href":"https:\/\/www.ktub.de\/index.php?rest_route=\/wp\/v2\/pages\/148\/revisions"}],"predecessor-version":[{"id":308,"href":"https:\/\/www.ktub.de\/index.php?rest_route=\/wp\/v2\/pages\/148\/revisions\/308"}],"wp:attachment":[{"href":"https:\/\/www.ktub.de\/index.php?rest_route=%2Fwp%2Fv2%2Fmedia&parent=148"}],"curies":[{"name":"wp","href":"https:\/\/api.w.org\/{rel}","templated":true}]}}