{"id":189,"date":"2017-12-07T18:18:47","date_gmt":"2017-12-07T18:18:47","guid":{"rendered":"http:\/\/www.ktub.de\/?page_id=189"},"modified":"2024-09-09T18:01:42","modified_gmt":"2024-09-09T18:01:42","slug":"das-team","status":"publish","type":"page","link":"https:\/\/www.ktub.de\/?page_id=189","title":{"rendered":"Das Team"},"content":{"rendered":"<h4>Dipl.-Geol. Achim Herf<\/h4>\n<p>Fachkraft f\u00fcr Bildung f\u00fcr Nachhaltige Entwicklung des Landes RLP<\/p>\n<p>Nach meinem Studium an der RWTH Aachen und meiner Diplomkartierung in der Eifel habe ich als Ingenieurgeologe auf Deponien gearbeitet und schnell festgestellt, dass ich das nicht das ganze Leben machen m\u00f6chte.<\/p>\n<p>Ich wollte raus in die Natur und mit Menschen arbeiten, nicht mit Giftm\u00fcll. Zuer<img decoding=\"async\" loading=\"lazy\" class=\"wp-image-201 alignleft\" src=\"http:\/\/www.ktub.de\/wp-content\/uploads\/2017\/12\/Achim-Herf-231x300-231x300.jpg\" alt=\"\" width=\"145\" height=\"189\" \/>st habe ich G\u00e4stef\u00fchrer f\u00fcr die IHK\u00a0 ausgebildet, sp\u00e4ter dann Naturf\u00fchrer und Naturpark-Ranger f\u00fcr die Naturparke in der Eifel, die zwischenzeitlich auch mein Wunschwohnort geworden ist. Nach einem Jahr an einer Realschule in NRW war ich begeistert wie wertvoll die Arbeit mit Kindern ist. Die Zusammenarbeit mit den Naturparken in der Eifel hat mir dann die M\u00f6glichkeit gegeben beides zu vereinen, die Arbeit mit Kindern und das auch noch in der Natur &#8211; perfekt!<\/p>\n<p>Dabei hilft mir mein erziehungswissenschaftliches Begleitstudium und dennoch ist stetige Weiterbildung immer angesagt. <img decoding=\"async\" loading=\"lazy\" class=\"alignright wp-image-264\" src=\"http:\/\/www.ktub.de\/wp-content\/uploads\/2019\/02\/FBNE-Herf-300x256.jpg\" alt=\"\" width=\"274\" height=\"234\" srcset=\"https:\/\/www.ktub.de\/wp-content\/uploads\/2019\/02\/FBNE-Herf-300x256.jpg 300w, https:\/\/www.ktub.de\/wp-content\/uploads\/2019\/02\/FBNE-Herf-768x655.jpg 768w, https:\/\/www.ktub.de\/wp-content\/uploads\/2019\/02\/FBNE-Herf-1024x873.jpg 1024w, https:\/\/www.ktub.de\/wp-content\/uploads\/2019\/02\/FBNE-Herf.jpg 1950w\" sizes=\"(max-width: 274px) 100vw, 274px\" \/>2017\/2018 habe ich mich zur Fachkraft f\u00fcr Bildung f\u00fcr nachhaltige Entwicklung (BNE) im Elementarbereich des Landes Rheinland-Pfalz weitergebildet, f\u00fcr unsere vielen kleinen &#8222;Kunden&#8220; sicher eine gute Idee.<\/p>\n<p>\u00dcbrigens: Mit einer Grundschullehrerin verheiratet zu sein ist auch ganz praktisch, um einen &#8222;Experten&#8220; wieder auf die richtige Ebene zu hieven.<\/p>\n<h4>Dipl.-Biol. Birger F\u00fchr<\/h4>\n<p>Als Diplom-Biologe bin ich im Team mehr f\u00fcr die belebte Natur zust\u00e4ndig. Ich arbeite seit vielen Jahren f\u00fcr das Land Rheinland-Pfalz im stattlichen Vertragsnaturschutz, betreue den Kreis Bernkastel-Wittlich als Biotopbetreuer.<\/p>\n<p><img decoding=\"async\" loading=\"lazy\" class=\"wp-image-221 alignright\" src=\"http:\/\/www.ktub.de\/wp-content\/uploads\/2017\/12\/Birger-2-231x300-231x300.jpg\" alt=\"\" width=\"145\" height=\"188\" \/><\/p>\n<p>Bei dieser Arbeit muss ich leider oft feststellen, dass das Bewusstsein und Verst\u00e4ndnis f\u00fcr die Natur und ihre Bed\u00fcrfnisse nicht bei allen gleich gut ausgepr\u00e4gt ist. Daher haben wir begonnen mit den J\u00fcngsten zu arbeiten, die irgendwann die Erwachsenen von Morgen sein werden. Wir wollen den Kids zeigen, wie sch\u00f6n die eigene Heimat ist und dass sie es wert ist auch in Zukunft hier zu bleiben. Wir sehen unsere T\u00e4tigkeit auch ein wenig als Ma\u00dfnahme gegen die demographische Entwicklung und die Tendenz die l\u00e4ndlichen Regionen zu verlassen.<\/p>\n<p>Nat\u00fcrlich geben wir unsere Werte und Erfahrungen auch gerne an Erwachsene weiter, meine eigene Ausbildung zum Zertifizierten Natur- und Landschaftsf\u00fchrer (BANU) ist eine gute Grundlage heute diese Kurse als Dozent und Mitglied der Pr\u00fcfungsaussch\u00fcsse selbst durchzuf\u00fchren und mit neuen Naturf\u00fchrern Multiplikatoren f\u00fcr unsere Ziele zu schaffen.<\/p>\n","protected":false},"excerpt":{"rendered":"<p>Dipl.-Geol. Achim Herf Fachkraft f\u00fcr Bildung f\u00fcr Nachhaltige Entwicklung des Landes RLP Nach meinem Studium an der RWTH Aachen und meiner Diplomkartierung in der Eifel habe ich als Ingenieurgeologe auf Deponien gearbeitet und schnell festgestellt, dass ich das nicht das ganze Leben machen m\u00f6chte. Ich wollte raus in die Natur und mit Menschen arbeiten, nicht &hellip; <a href=\"https:\/\/www.ktub.de\/?page_id=189\" class=\"more-link\"><span class=\"screen-reader-text\">Das Team<\/span> weiterlesen <span class=\"meta-nav\">&rarr;<\/span><\/a><\/p>\n","protected":false},"author":1,"featured_media":208,"parent":0,"menu_order":0,"comment_status":"closed","ping_status":"closed","template":"","meta":[],"_links":{"self":[{"href":"https:\/\/www.ktub.de\/index.php?rest_route=\/wp\/v2\/pages\/189"}],"collection":[{"href":"https:\/\/www.ktub.de\/index.php?rest_route=\/wp\/v2\/pages"}],"about":[{"href":"https:\/\/www.ktub.de\/index.php?rest_route=\/wp\/v2\/types\/page"}],"author":[{"embeddable":true,"href":"https:\/\/www.ktub.de\/index.php?rest_route=\/wp\/v2\/users\/1"}],"replies":[{"embeddable":true,"href":"https:\/\/www.ktub.de\/index.php?rest_route=%2Fwp%2Fv2%2Fcomments&post=189"}],"version-history":[{"count":22,"href":"https:\/\/www.ktub.de\/index.php?rest_route=\/wp\/v2\/pages\/189\/revisions"}],"predecessor-version":[{"id":310,"href":"https:\/\/www.ktub.de\/index.php?rest_route=\/wp\/v2\/pages\/189\/revisions\/310"}],"wp:featuredmedia":[{"embeddable":true,"href":"https:\/\/www.ktub.de\/index.php?rest_route=\/wp\/v2\/media\/208"}],"wp:attachment":[{"href":"https:\/\/www.ktub.de\/index.php?rest_route=%2Fwp%2Fv2%2Fmedia&parent=189"}],"curies":[{"name":"wp","href":"https:\/\/api.w.org\/{rel}","templated":true}]}}