{"id":241,"date":"2018-01-16T19:08:40","date_gmt":"2018-01-16T19:08:40","guid":{"rendered":"http:\/\/www.ktub.de\/?page_id=241"},"modified":"2019-02-03T14:39:28","modified_gmt":"2019-02-03T14:39:28","slug":"bne","status":"publish","type":"page","link":"https:\/\/www.ktub.de\/?page_id=241","title":{"rendered":"BNE"},"content":{"rendered":"<h2>Bildung f\u00fcr nachhaltige Entwicklung (BNE)<\/h2>\n<p>ist ein moderner und umfassender Bildungsansatz, den wir zunehmend in unseren Umweltbildungsmodulen aufgreifen und umsetzen.<\/p>\n<p>Wir alle wissen was Nachhaltigkeit bedeutet. Sofort f\u00e4llt uns das Beispiel aus der Forstwirtschaft ein, wo Nachhaltigkeit bedeutet, dass f\u00fcr jeden gef\u00e4llten Baum mindestens ein junger Baum gepflanzt werden muss, damit f\u00fcr diejenigen, die nach uns kommen noch ausreichend Ressourcen zur Verf\u00fcgung stehen. Was aber ist BNE?<\/p>\n<p>Bildung f\u00fcr nachhaltige Entwicklung m\u00f6chte jedem Kind und allen Menschen die M\u00f6glichkeit geben, sich durch selbstwirksames Handeln\u00a0 Werte, Wissen und Kompetenzen anzueignen, die notwendig sind, sich eigenverantwortlich eine zukunftsf\u00e4hige Welt zu gestalten.<\/p>\n<figure id=\"attachment_264\" aria-describedby=\"caption-attachment-264\" style=\"width: 245px\" class=\"wp-caption alignright\"><a href=\"http:\/\/www.ktub.de\/wp-content\/uploads\/2019\/02\/FBNE-Herf.jpg\"><img decoding=\"async\" loading=\"lazy\" class=\"wp-image-264 \" src=\"http:\/\/www.ktub.de\/wp-content\/uploads\/2019\/02\/FBNE-Herf-300x256.jpg\" alt=\"\" width=\"245\" height=\"209\" srcset=\"https:\/\/www.ktub.de\/wp-content\/uploads\/2019\/02\/FBNE-Herf-300x256.jpg 300w, https:\/\/www.ktub.de\/wp-content\/uploads\/2019\/02\/FBNE-Herf-768x655.jpg 768w, https:\/\/www.ktub.de\/wp-content\/uploads\/2019\/02\/FBNE-Herf-1024x873.jpg 1024w, https:\/\/www.ktub.de\/wp-content\/uploads\/2019\/02\/FBNE-Herf.jpg 1950w\" sizes=\"(max-width: 245px) 100vw, 245px\" \/><\/a><figcaption id=\"caption-attachment-264\" class=\"wp-caption-text\">Zertifikat Fachkraft BNE<\/figcaption><\/figure>\n<p>Unsere Aufgabe ist es f\u00fcr diese Ziele R\u00e4ume zu schaffen, in denen Kinder und Erwachsenen in ihrem individuellen Zeitrahmen die erforderlichen &#8222;Dinge&#8220; begreifen und F\u00e4higkeiten erlernen k\u00f6nnen. Durch unsere behutsamen Impulse und Partizipation versuchen wir die Menschen zu zukunftsorientiertem Denken und Handeln zu bef\u00e4higen. Wir alle m\u00fcssen f\u00fcr uns herausfinden, wie unsere Entscheidungen das Leben der nachfolgenden Generationen beeinflussen.<\/p>\n<p>Wir selbst m\u00fcssen authentisches Vorbild sein und Achtsamkeit, Wertsch\u00e4tzung und Verantwortung gegen\u00fcber der Gesellschaft, der Natur und unserer Erde und ihrer Ressourcen vorleben.<\/p>\n<p>Dann erreichen wir Nachhaltigkeit.<\/p>\n","protected":false},"excerpt":{"rendered":"<p>Bildung f\u00fcr nachhaltige Entwicklung (BNE) ist ein moderner und umfassender Bildungsansatz, den wir zunehmend in unseren Umweltbildungsmodulen aufgreifen und umsetzen. Wir alle wissen was Nachhaltigkeit bedeutet. Sofort f\u00e4llt uns das Beispiel aus der Forstwirtschaft ein, wo Nachhaltigkeit bedeutet, dass f\u00fcr jeden gef\u00e4llten Baum mindestens ein junger Baum gepflanzt werden muss, damit f\u00fcr diejenigen, die nach &hellip; <a href=\"https:\/\/www.ktub.de\/?page_id=241\" class=\"more-link\"><span class=\"screen-reader-text\">BNE<\/span> weiterlesen <span class=\"meta-nav\">&rarr;<\/span><\/a><\/p>\n","protected":false},"author":1,"featured_media":249,"parent":0,"menu_order":0,"comment_status":"closed","ping_status":"closed","template":"","meta":[],"_links":{"self":[{"href":"https:\/\/www.ktub.de\/index.php?rest_route=\/wp\/v2\/pages\/241"}],"collection":[{"href":"https:\/\/www.ktub.de\/index.php?rest_route=\/wp\/v2\/pages"}],"about":[{"href":"https:\/\/www.ktub.de\/index.php?rest_route=\/wp\/v2\/types\/page"}],"author":[{"embeddable":true,"href":"https:\/\/www.ktub.de\/index.php?rest_route=\/wp\/v2\/users\/1"}],"replies":[{"embeddable":true,"href":"https:\/\/www.ktub.de\/index.php?rest_route=%2Fwp%2Fv2%2Fcomments&post=241"}],"version-history":[{"count":6,"href":"https:\/\/www.ktub.de\/index.php?rest_route=\/wp\/v2\/pages\/241\/revisions"}],"predecessor-version":[{"id":267,"href":"https:\/\/www.ktub.de\/index.php?rest_route=\/wp\/v2\/pages\/241\/revisions\/267"}],"wp:featuredmedia":[{"embeddable":true,"href":"https:\/\/www.ktub.de\/index.php?rest_route=\/wp\/v2\/media\/249"}],"wp:attachment":[{"href":"https:\/\/www.ktub.de\/index.php?rest_route=%2Fwp%2Fv2%2Fmedia&parent=241"}],"curies":[{"name":"wp","href":"https:\/\/api.w.org\/{rel}","templated":true}]}}