{"id":28,"date":"2017-11-20T14:33:38","date_gmt":"2017-11-20T14:33:38","guid":{"rendered":"http:\/\/www.ktub.de\/?page_id=28"},"modified":"2018-01-18T17:31:50","modified_gmt":"2018-01-18T17:31:50","slug":"willkommen-bei-ktub","status":"publish","type":"page","link":"https:\/\/www.ktub.de\/","title":{"rendered":"Willkommen bei ktub&#8230;"},"content":{"rendered":"<h1><img decoding=\"async\" loading=\"lazy\" class=\"alignnone wp-image-40 aligncenter\" src=\"http:\/\/www.ktub.de\/wp-content\/uploads\/2017\/11\/IMG_4784-300x200.jpg\" alt=\"\" width=\"869\" height=\"579\" srcset=\"https:\/\/www.ktub.de\/wp-content\/uploads\/2017\/11\/IMG_4784-300x200.jpg 300w, https:\/\/www.ktub.de\/wp-content\/uploads\/2017\/11\/IMG_4784-768x512.jpg 768w, https:\/\/www.ktub.de\/wp-content\/uploads\/2017\/11\/IMG_4784-1024x683.jpg 1024w\" sizes=\"(max-width: 869px) 100vw, 869px\" \/><\/h1>\n<h3 style=\"text-align: center;\">&#8230; dem Kompetenzteam f\u00fcr Umweltbildung und Bildung f\u00fcr nachhaltige Entwicklung (<a href=\"http:\/\/www.ktub.de\/?page_id=241\">BNE<\/a>) als Partner f\u00fcr staatliche und nichtstaatliche Bildungseinrichtungen.<\/h3>\n<h5 style=\"text-align: center;\">Wir sind ein kleines Team von Umweltp\u00e4dagogen, Biologen, Geologen und Naturf\u00fchrern, die Sie in Ihrer Bildungsarbeit unterst\u00fctzen.<\/h5>\n<p>&nbsp;<\/p>\n<h5 style=\"text-align: center;\">Bitte nehmen Sie <a href=\"http:\/\/www.ktub.de\/?page_id=116\"> &gt;Kontakt&lt;<\/a> zu uns auf!<\/h5>\n","protected":false},"excerpt":{"rendered":"<p>&#8230; dem Kompetenzteam f\u00fcr Umweltbildung und Bildung f\u00fcr nachhaltige Entwicklung (BNE) als Partner f\u00fcr staatliche und nichtstaatliche Bildungseinrichtungen. Wir sind ein kleines Team von Umweltp\u00e4dagogen, Biologen, Geologen und Naturf\u00fchrern, die Sie in Ihrer Bildungsarbeit unterst\u00fctzen. &nbsp; Bitte nehmen Sie &gt;Kontakt&lt; zu uns auf!<\/p>\n","protected":false},"author":1,"featured_media":0,"parent":0,"menu_order":0,"comment_status":"closed","ping_status":"closed","template":"","meta":[],"_links":{"self":[{"href":"https:\/\/www.ktub.de\/index.php?rest_route=\/wp\/v2\/pages\/28"}],"collection":[{"href":"https:\/\/www.ktub.de\/index.php?rest_route=\/wp\/v2\/pages"}],"about":[{"href":"https:\/\/www.ktub.de\/index.php?rest_route=\/wp\/v2\/types\/page"}],"author":[{"embeddable":true,"href":"https:\/\/www.ktub.de\/index.php?rest_route=\/wp\/v2\/users\/1"}],"replies":[{"embeddable":true,"href":"https:\/\/www.ktub.de\/index.php?rest_route=%2Fwp%2Fv2%2Fcomments&post=28"}],"version-history":[{"count":15,"href":"https:\/\/www.ktub.de\/index.php?rest_route=\/wp\/v2\/pages\/28\/revisions"}],"predecessor-version":[{"id":251,"href":"https:\/\/www.ktub.de\/index.php?rest_route=\/wp\/v2\/pages\/28\/revisions\/251"}],"wp:attachment":[{"href":"https:\/\/www.ktub.de\/index.php?rest_route=%2Fwp%2Fv2%2Fmedia&parent=28"}],"curies":[{"name":"wp","href":"https:\/\/api.w.org\/{rel}","templated":true}]}}