{"id":46,"date":"2017-11-20T15:08:34","date_gmt":"2017-11-20T15:08:34","guid":{"rendered":"http:\/\/www.ktub.de\/?page_id=46"},"modified":"2023-01-16T16:53:21","modified_gmt":"2023-01-16T16:53:21","slug":"impressum","status":"publish","type":"page","link":"https:\/\/www.ktub.de\/?page_id=46","title":{"rendered":"Impressum"},"content":{"rendered":"<h5><img decoding=\"async\" loading=\"lazy\" class=\"alignnone wp-image-5\" src=\"http:\/\/www.ktub.de\/wp-content\/uploads\/2017\/02\/ktub-grau-300x153.png\" alt=\"\" width=\"215\" height=\"110\" \/><\/h5>\n<p><strong>Dipl.-Geol. Achim Herf<\/strong><br \/>\nIm Ring 19a<br \/>\n54568 Gerolstein<\/p>\n<p style=\"padding-left: 30px;\">Telefon: 06558 \/ 9002925<br \/>\nFax:\u00a0\u00a0\u00a0\u00a0\u00a0\u00a0\u00a0\u00a0\u00a0 06558 \/ 9002926<br \/>\nMobil:\u00a0\u00a0\u00a0\u00a0 0151 \/ 58132066<\/p>\n<p style=\"padding-left: 30px;\">E-Mail:\u00a0 \u00a0 \u00a0 info@ktub.de<br \/>\nInternet:\u00a0 http:\/\/www.ktub.de<\/p>\n<p>Inhaltlich Verantwortlicher gem\u00e4\u00df \u00a7 10 Absatz 3 MDStV:\u00a0\u00a0\u00a0\u00a0\u00a0\u00a0\u00a0\u00a0\u00a0\u00a0\u00a0\u00a0 Achim Herf<\/p>\n<p><strong>Link zur Online-Streitbeilegung:<\/strong><\/p>\n<p>Die auf dieser Seite aufgef\u00fchrten Angebote sind nicht online buchbar, sondern nur \u00fcber direkte Kontaktaufnahme mit uns. Insofern ist es m\u00f6glich, dass die Online-Streitschlichtung als nicht zust\u00e4ndig anzusehen ist. Bei Beschwerden, die Sie nicht direkt mit dem Anbieter l\u00f6sen k\u00f6nnen, empfehlen wir Ihnen, sich dennoch \u00fcber die M\u00f6glichkeiten der Online-Streitbeilegung zu informieren:<\/p>\n<p><a href=\"https:\/\/ec.europa.eu\/consumers\/odr\" target=\"_blank\" rel=\"noopener\"><strong>ec.europa.eu\/consumers\/odr<\/strong><\/a><\/p>\n<p><strong>Haftungshinweis:<\/strong><\/p>\n<p>Trotz sorgf\u00e4ltiger inhaltlicher Kontrolle wird keine Haftung f\u00fcr die Inhalte externer Links \u00fcbernommen. F\u00fcr den Inhalt der verlinkten Seiten sind ausschlie\u00dflich deren Betreiber verantwortlich.<\/p>\n<p>Das Material auf http:\/\/www.ktub.de ist durch Achim Herf urheberrechtlich gesch\u00fctzt. Alle Rechte vorbehalten. Die nachstehenden Bedingungen sowie andere f\u00fcr das Internet oder das World Wide Web bestehenden Gesetze oder Bestimmungen gelten f\u00fcr alle Benutzer und Besucher dieser Webseite. Sie d\u00fcrfen keine Inhalte der Webseite ohne schriftliche Genehmigung von Achim Herf f\u00fcr \u00f6ffentliche oder gewerbliche Zwecke vertreiben, ver\u00e4ndern, \u00fcbertragen, neu bereitstellen oder anderweitig benutzen. Ihr Zugriff auf die Homepage und deren Benutzung unterliegen ebenfalls den nachstehenden Bedingungen und den geltenden Gesetzen. Durch den Zugriff und Ihren Besuch der Homepage akzeptieren Sie ohne Einschr\u00e4nkung oder Vorbehalt die Bedingungen und erkennen an, dass sonstige Vereinbarungen zwischen Ihnen und Achim Herf bez\u00fcglich des Gegenstands dadurch ersetzt werden.<\/p>\n<p>Bedingungen der Homepagenutzung:<\/p>\n<ol>\n<li>http:\/\/www.ktub.de h\u00e4lt die Inhalte nach besten Kr\u00e4ften auf dem jeweils aktuellen Stand, \u00fcbernehmen jedoch keine Haftung f\u00fcr die Richtigkeit der bereitgestellten Informationen. Es werden daher keine Zusicherungen abgegeben und keinerlei Gew\u00e4hrleistung und Haftung f\u00fcr die Richtigkeit der bereitgestellten Informationen \u00fcbernommen.<\/li>\n<li>Der widerrechtliche Gebrauch der Bilder auf dieser Homepage kann Urheberrechte, Markenrechte, Pers\u00f6nlichkeits- oder Publizit\u00e4tsrechte und gesetzliche Wiedergabevorschriften und -bestimmungen verletzen.<\/li>\n<li>Die auf dieser Homepage gezeigten Schutzmarken stellen geistiges Eigentum der jeweiligen Eigent\u00fcmer dar. Ohne schriftliche Vereinbarung werden von Achim Herf oder Dritten, deren geistiges Eigentum auf der Homepage angezeigt wird, an Inhalten der Webseite keinerlei Rechte gew\u00e4hrt. Die Benutzung der auf der Homepage angezeigten Schutzmarken oder sonstiger Inhalte zu anderen, als in den vorgenannten Bedingungen genannten Zwecken, ist untersagt.<\/li>\n<li>Diese Webseite enth\u00e4lt eventuell Links zu externen Webseiten. Der Besuch dieser Webseiten geschieht auf Risiko des Besuchers. http:\/\/www.ktub.de \u00fcbernimmt keine Haftung f\u00fcr die Inhalte externer Links. F\u00fcr den Inhalt der verlinkten Seiten sind ausschlie\u00dflich deren Betreiber verantwortlich.<\/li>\n<li>Der Zugang zu passwortgesch\u00fctzten oder anderweitig gesicherten Bereichen ist ausschlie\u00dflich f\u00fcr autorisierte Anwender erlaubt. http:\/\/www.ktub.de beh\u00e4lt sich rechtliche Schritte gegen Personen vor, die ohne ausdr\u00fcckliche Erlaubnis versuchen, sich Zugang zu diesen Bereichen zu verschaffen.<\/li>\n<li>Achim Herf beh\u00e4lt sich jederzeit das Recht vor, diese vorliegenden Bedingungen zu aktualisieren oder zu \u00e4ndern. Der Besucher ist an die jeweils g\u00fcltige und aktuelle Fassung gebunden. http:\/\/www.ktub.de empfiehlt daher in regelm\u00e4\u00dfigen Abst\u00e4nden diese Seite aufrufen.<\/li>\n<\/ol>\n","protected":false},"excerpt":{"rendered":"<p>Dipl.-Geol. Achim Herf Im Ring 19a 54568 Gerolstein Telefon: 06558 \/ 9002925 Fax:\u00a0\u00a0\u00a0\u00a0\u00a0\u00a0\u00a0\u00a0\u00a0 06558 \/ 9002926 Mobil:\u00a0\u00a0\u00a0\u00a0 0151 \/ 58132066 E-Mail:\u00a0 \u00a0 \u00a0 info@ktub.de Internet:\u00a0 http:\/\/www.ktub.de Inhaltlich Verantwortlicher gem\u00e4\u00df \u00a7 10 Absatz 3 MDStV:\u00a0\u00a0\u00a0\u00a0\u00a0\u00a0\u00a0\u00a0\u00a0\u00a0\u00a0\u00a0 Achim Herf Link zur Online-Streitbeilegung: Die auf dieser Seite aufgef\u00fchrten Angebote sind nicht online buchbar, sondern nur \u00fcber direkte Kontaktaufnahme mit &hellip; <a href=\"https:\/\/www.ktub.de\/?page_id=46\" class=\"more-link\"><span class=\"screen-reader-text\">Impressum<\/span> weiterlesen <span class=\"meta-nav\">&rarr;<\/span><\/a><\/p>\n","protected":false},"author":1,"featured_media":0,"parent":0,"menu_order":0,"comment_status":"closed","ping_status":"closed","template":"","meta":[],"_links":{"self":[{"href":"https:\/\/www.ktub.de\/index.php?rest_route=\/wp\/v2\/pages\/46"}],"collection":[{"href":"https:\/\/www.ktub.de\/index.php?rest_route=\/wp\/v2\/pages"}],"about":[{"href":"https:\/\/www.ktub.de\/index.php?rest_route=\/wp\/v2\/types\/page"}],"author":[{"embeddable":true,"href":"https:\/\/www.ktub.de\/index.php?rest_route=\/wp\/v2\/users\/1"}],"replies":[{"embeddable":true,"href":"https:\/\/www.ktub.de\/index.php?rest_route=%2Fwp%2Fv2%2Fcomments&post=46"}],"version-history":[{"count":10,"href":"https:\/\/www.ktub.de\/index.php?rest_route=\/wp\/v2\/pages\/46\/revisions"}],"predecessor-version":[{"id":290,"href":"https:\/\/www.ktub.de\/index.php?rest_route=\/wp\/v2\/pages\/46\/revisions\/290"}],"wp:attachment":[{"href":"https:\/\/www.ktub.de\/index.php?rest_route=%2Fwp%2Fv2%2Fmedia&parent=46"}],"curies":[{"name":"wp","href":"https:\/\/api.w.org\/{rel}","templated":true}]}}